{"id":270,"date":"2024-11-04T21:11:25","date_gmt":"2024-11-04T20:11:25","guid":{"rendered":"https:\/\/viridhys-technologies.com\/?page_id=270"},"modified":"2025-04-14T14:46:23","modified_gmt":"2025-04-14T12:46:23","slug":"impression","status":"publish","type":"page","link":"https:\/\/viridhys-technologies.com\/fr\/imprint\/","title":{"rendered":"Impression"},"content":{"rendered":"<div data-elementor-type=\"wp-page\" data-elementor-id=\"270\" class=\"elementor elementor-270\" data-elementor-post-type=\"page\">\n\t\t\t\t<div class=\"elementor-element elementor-element-6af14c4 e-con-full e-flex e-con e-parent\" data-id=\"6af14c4\" data-element_type=\"container\" data-e-type=\"container\" data-settings=\"{&quot;background_background&quot;:&quot;classic&quot;}\">\n\t\t<div class=\"elementor-element elementor-element-4f4ed5fb e-con-full e-flex e-con e-child\" data-id=\"4f4ed5fb\" data-element_type=\"container\" data-e-type=\"container\" data-settings=\"{&quot;background_background&quot;:&quot;classic&quot;}\">\n\t\t<div class=\"elementor-element elementor-element-191a323c e-con-full e-flex e-con e-child\" data-id=\"191a323c\" data-element_type=\"container\" data-e-type=\"container\">\n\t\t\t\t<div class=\"elementor-element elementor-element-70d0c07e elementor-widget elementor-widget-heading\" data-id=\"70d0c07e\" data-element_type=\"widget\" data-e-type=\"widget\" data-widget_type=\"heading.default\">\n\t\t\t\t<div class=\"elementor-widget-container\">\n\t\t\t\t\t<h1 class=\"elementor-heading-title elementor-size-default\">Impression<\/h1>\t\t\t\t<\/div>\n\t\t\t\t<\/div>\n\t\t\t\t<\/div>\n\t\t\t\t<\/div>\n\t\t\t\t<\/div>\n\t\t<div class=\"elementor-element elementor-element-61b88f5 e-flex e-con-boxed e-con e-parent\" data-id=\"61b88f5\" data-element_type=\"container\" data-e-type=\"container\">\n\t\t\t\t\t<div class=\"e-con-inner\">\n\t\t<div class=\"elementor-element elementor-element-79a4c01 e-con-full e-flex e-con e-child\" data-id=\"79a4c01\" data-element_type=\"container\" data-e-type=\"container\">\n\t\t\t\t<div class=\"elementor-element elementor-element-a2752ee elementor-widget elementor-widget-text-editor\" data-id=\"a2752ee\" data-element_type=\"widget\" data-e-type=\"widget\" data-widget_type=\"text-editor.default\">\n\t\t\t\t<div class=\"elementor-widget-container\">\n\t\t\t\t\t\t\t\t\t<h3>Coordonn\u00e9es de la personne \u00e0 contacter<\/h3><p><strong>VIRIDHYS Technologies SA<\/strong><br \/>Route de la petite Gl\u00e2ne 20<br \/>1566 Saint Aubin<\/p><p><b>E-mail :<\/b> <a href=\"mailto:info@viridhys-technologies.ch\">info@viridhys-technologies.ch<\/a><\/p>\t\t\t\t\t\t\t\t<\/div>\n\t\t\t\t<\/div>\n\t\t\t\t<div class=\"elementor-element elementor-element-1f3a2a2 elementor-widget elementor-widget-text-editor\" data-id=\"1f3a2a2\" data-element_type=\"widget\" data-e-type=\"widget\" data-widget_type=\"text-editor.default\">\n\t\t\t\t<div class=\"elementor-widget-container\">\n\t\t\t\t\t\t\t\t\t<h3>Conseil d'administration<\/h3><p>Fr\u00e9d\u00e9ric Haase<\/p>\t\t\t\t\t\t\t\t<\/div>\n\t\t\t\t<\/div>\n\t\t\t\t<div class=\"elementor-element elementor-element-6dd443a elementor-widget elementor-widget-text-editor\" data-id=\"6dd443a\" data-element_type=\"widget\" data-e-type=\"widget\" data-widget_type=\"text-editor.default\">\n\t\t\t\t<div class=\"elementor-widget-container\">\n\t\t\t\t\t\t\t\t\t<h3>Informations sur l'entreprise<\/h3><p>HR : CH-217-3581236-9<\/p><p>MWST : CHE-294.670.060 MWST<\/p>\t\t\t\t\t\t\t\t<\/div>\n\t\t\t\t<\/div>\n\t\t\t\t<\/div>\n\t\t<div class=\"elementor-element elementor-element-7c1fc41 e-con-full e-flex e-con e-child\" data-id=\"7c1fc41\" data-element_type=\"container\" data-e-type=\"container\">\n\t\t\t\t<div class=\"elementor-element elementor-element-c7513a2 elementor-widget elementor-widget-text-editor\" data-id=\"c7513a2\" data-element_type=\"widget\" data-e-type=\"widget\" data-widget_type=\"text-editor.default\">\n\t\t\t\t<div class=\"elementor-widget-container\">\n\t\t\t\t\t\t\t\t\t<h3>R\u00e9f\u00e9rences et liens<\/h3><p>Nous ne contr\u00f4lons pas le contenu des liens externes. Ceux-ci sont soumis \u00e0 la responsabilit\u00e9 des fournisseurs respectifs.<\/p>\t\t\t\t\t\t\t\t<\/div>\n\t\t\t\t<\/div>\n\t\t\t\t<div class=\"elementor-element elementor-element-b6c3c1b elementor-widget elementor-widget-text-editor\" data-id=\"b6c3c1b\" data-element_type=\"widget\" data-e-type=\"widget\" data-widget_type=\"text-editor.default\">\n\t\t\t\t<div class=\"elementor-widget-container\">\n\t\t\t\t\t\t\t\t\t<h3>Droits d'utilisation<\/h3><p>Toutes les informations et images publi\u00e9es sur ce site sont prot\u00e9g\u00e9es par le droit d'auteur. Toute utilisation non autoris\u00e9e par la loi sur les droits d'auteur (URG) n\u00e9cessite l'accord \u00e9crit pr\u00e9alable de VIRIDHYS Technologies S\u00e0rl.<\/p>\t\t\t\t\t\t\t\t<\/div>\n\t\t\t\t<\/div>\n\t\t\t\t<div class=\"elementor-element elementor-element-ba0fd1d elementor-widget elementor-widget-text-editor\" data-id=\"ba0fd1d\" data-element_type=\"widget\" data-e-type=\"widget\" data-widget_type=\"text-editor.default\">\n\t\t\t\t<div class=\"elementor-widget-container\">\n\t\t\t\t\t\t\t\t\t<h3>Site web<\/h3><p>successfactor Ltd liab Co<br \/>Birchacherstrasse 23<br \/>3184 W\u00fcnnewil-Flamatt<\/p>\t\t\t\t\t\t\t\t<\/div>\n\t\t\t\t<\/div>\n\t\t\t\t<\/div>\n\t\t\t\t\t<\/div>\n\t\t\t\t<\/div>\n\t\t\t\t<\/div>","protected":false},"excerpt":{"rendered":"<p>Contact details VIRIDHYS Technologies SARoute de la petite Gl\u00e2ne 201566 Saint Aubin E-mail: info@viridhys-technologies.ch Executive Board Fr\u00e9d\u00e9ric Haase Company information HR: CH-217-3581236-9 MWST: CHE-294.670.060 MWST References and links We do not check the contents of external links. These are subject to the liability of the respective providers. Rights of use All information and images published [&hellip;]<\/p>\n","protected":false},"author":1,"featured_media":0,"parent":0,"menu_order":0,"comment_status":"closed","ping_status":"closed","template":"elementor_header_footer","meta":{"footnotes":""},"class_list":["post-270","page","type-page","status-publish","hentry"],"_links":{"self":[{"href":"https:\/\/viridhys-technologies.com\/fr\/wp-json\/wp\/v2\/pages\/270","targetHints":{"allow":["GET"]}}],"collection":[{"href":"https:\/\/viridhys-technologies.com\/fr\/wp-json\/wp\/v2\/pages"}],"about":[{"href":"https:\/\/viridhys-technologies.com\/fr\/wp-json\/wp\/v2\/types\/page"}],"author":[{"embeddable":true,"href":"https:\/\/viridhys-technologies.com\/fr\/wp-json\/wp\/v2\/users\/1"}],"replies":[{"embeddable":true,"href":"https:\/\/viridhys-technologies.com\/fr\/wp-json\/wp\/v2\/comments?post=270"}],"version-history":[{"count":25,"href":"https:\/\/viridhys-technologies.com\/fr\/wp-json\/wp\/v2\/pages\/270\/revisions"}],"predecessor-version":[{"id":814,"href":"https:\/\/viridhys-technologies.com\/fr\/wp-json\/wp\/v2\/pages\/270\/revisions\/814"}],"wp:attachment":[{"href":"https:\/\/viridhys-technologies.com\/fr\/wp-json\/wp\/v2\/media?parent=270"}],"curies":[{"name":"wp","href":"https:\/\/api.w.org\/{rel}","templated":true}]}}