{"id":254,"date":"2024-11-04T20:29:03","date_gmt":"2024-11-04T19:29:03","guid":{"rendered":"https:\/\/viridhys-technologies.com\/?page_id=254"},"modified":"2025-01-22T21:30:54","modified_gmt":"2025-01-22T20:30:54","slug":"protection-des-donnees","status":"publish","type":"page","link":"https:\/\/viridhys-technologies.com\/fr\/data-protection\/","title":{"rendered":"Protection des donn\u00e9es"},"content":{"rendered":"<div data-elementor-type=\"wp-page\" data-elementor-id=\"254\" class=\"elementor elementor-254\" data-elementor-post-type=\"page\">\n\t\t\t\t<div class=\"elementor-element elementor-element-6af14c4 e-con-full e-flex e-con e-parent\" data-id=\"6af14c4\" data-element_type=\"container\" data-e-type=\"container\" data-settings=\"{&quot;background_background&quot;:&quot;classic&quot;}\">\n\t\t<div class=\"elementor-element elementor-element-4f4ed5fb e-con-full e-flex e-con e-child\" data-id=\"4f4ed5fb\" data-element_type=\"container\" data-e-type=\"container\" data-settings=\"{&quot;background_background&quot;:&quot;classic&quot;}\">\n\t\t<div class=\"elementor-element elementor-element-191a323c e-con-full e-flex e-con e-child\" data-id=\"191a323c\" data-element_type=\"container\" data-e-type=\"container\">\n\t\t\t\t<div class=\"elementor-element elementor-element-70d0c07e elementor-widget elementor-widget-heading\" data-id=\"70d0c07e\" data-element_type=\"widget\" data-e-type=\"widget\" data-widget_type=\"heading.default\">\n\t\t\t\t<div class=\"elementor-widget-container\">\n\t\t\t\t\t<h2 class=\"elementor-heading-title elementor-size-default\">Protection des donn\u00e9es<\/h2>\t\t\t\t<\/div>\n\t\t\t\t<\/div>\n\t\t\t\t<div class=\"elementor-element elementor-element-290a84b0 elementor-widget__width-initial elementor-widget elementor-widget-text-editor\" data-id=\"290a84b0\" data-element_type=\"widget\" data-e-type=\"widget\" data-widget_type=\"text-editor.default\">\n\t\t\t\t<div class=\"elementor-widget-container\">\n\t\t\t\t\t\t\t\t\t<p>Le traitement transparent des donn\u00e9es personnelles est important pour nous. La pr\u00e9sente politique de confidentialit\u00e9 fournit des informations sur les donn\u00e9es personnelles que nous collectons, dans quel but et \u00e0 qui nous les transmettons.<\/p>\t\t\t\t\t\t\t\t<\/div>\n\t\t\t\t<\/div>\n\t\t\t\t<\/div>\n\t\t\t\t<\/div>\n\t\t\t\t<\/div>\n\t\t<div class=\"elementor-element elementor-element-e5de888 e-flex e-con-boxed e-con e-parent\" data-id=\"e5de888\" data-element_type=\"container\" data-e-type=\"container\">\n\t\t\t\t\t<div class=\"e-con-inner\">\n\t\t\t\t<div class=\"elementor-element elementor-element-daeed8a elementor-widget__width-inherit elementor-widget elementor-widget-shortcode\" data-id=\"daeed8a\" data-element_type=\"widget\" data-e-type=\"widget\" data-widget_type=\"shortcode.default\">\n\t\t\t\t<div class=\"elementor-widget-container\">\n\t\t\t\t\t\t\t<div class=\"elementor-shortcode\"><script src=\"https:\/\/app.privacybee.io\/widget.js\" defer><\/script>\n<privacybee-widget website-id=\"cm68cr1l5001a1ykgmq8lt3m5\" type=\"dsg\" lang=\"en\"><\/privacybee-widget><\/div>\n\t\t\t\t\t\t<\/div>\n\t\t\t\t<\/div>\n\t\t\t\t\t<\/div>\n\t\t\t\t<\/div>\n\t\t\t\t<\/div>","protected":false},"excerpt":{"rendered":"<p>Data protection The transparent handling of personal data is important to us. This privacy policy provides information on what personal data we collect, for what purpose and to whom we pass it on.<\/p>","protected":false},"author":1,"featured_media":0,"parent":0,"menu_order":0,"comment_status":"closed","ping_status":"closed","template":"elementor_header_footer","meta":{"footnotes":""},"class_list":["post-254","page","type-page","status-publish","hentry"],"_links":{"self":[{"href":"https:\/\/viridhys-technologies.com\/fr\/wp-json\/wp\/v2\/pages\/254","targetHints":{"allow":["GET"]}}],"collection":[{"href":"https:\/\/viridhys-technologies.com\/fr\/wp-json\/wp\/v2\/pages"}],"about":[{"href":"https:\/\/viridhys-technologies.com\/fr\/wp-json\/wp\/v2\/types\/page"}],"author":[{"embeddable":true,"href":"https:\/\/viridhys-technologies.com\/fr\/wp-json\/wp\/v2\/users\/1"}],"replies":[{"embeddable":true,"href":"https:\/\/viridhys-technologies.com\/fr\/wp-json\/wp\/v2\/comments?post=254"}],"version-history":[{"count":23,"href":"https:\/\/viridhys-technologies.com\/fr\/wp-json\/wp\/v2\/pages\/254\/revisions"}],"predecessor-version":[{"id":715,"href":"https:\/\/viridhys-technologies.com\/fr\/wp-json\/wp\/v2\/pages\/254\/revisions\/715"}],"wp:attachment":[{"href":"https:\/\/viridhys-technologies.com\/fr\/wp-json\/wp\/v2\/media?parent=254"}],"curies":[{"name":"wp","href":"https:\/\/api.w.org\/{rel}","templated":true}]}}